{"id":36,"date":"2023-09-02T12:58:03","date_gmt":"2023-09-02T09:58:03","guid":{"rendered":"http:\/\/seawings.es\/?page_id=36"},"modified":"2024-04-16T09:12:10","modified_gmt":"2024-04-16T06:12:10","slug":"houses-for-rent","status":"publish","type":"page","link":"https:\/\/seawings.es\/es\/alquiler\/","title":{"rendered":"Alquiler"},"content":{"rendered":"<p>Creemos que cada cliente que busca vivienda en Espa\u00f1a es diferente, pero todos aprecian la honestidad y la facilidad de comunicaci\u00f3n. Por lo tanto, nuestras prioridades son una cuidadosa selecci\u00f3n de objetos inmobiliarios, descripciones honestas y dedicaci\u00f3n a cada cliente.<\/p>\n<p>Somos peque\u00f1os pero ambiciosos. Siguiendo nuestras prioridades, tenemos previsto ampliar nuestra \u00e1rea de actividad: ayudar a encontrar vivienda desde M\u00e1laga hasta Barcelona y desarrollar proyectos de construcci\u00f3n inmobiliaria. La voluntad de poder ofrecer el mejor valor a clientes con todo tipo de necesidades nos impulsa hacia el futuro.<\/p>","protected":false},"excerpt":{"rendered":"<p>We believe that every client looking for housing in Spain is different, but everyone appreciates honesty and ease of communication. Therefore, our priorities are careful selection of real estate objects, honest descriptions and dedication to each client. We are small but ambitious. Following our priorities, we plan to expand our activity area &#8211; to help [&hellip;]<\/p>\n","protected":false},"author":1,"featured_media":478,"parent":0,"menu_order":0,"comment_status":"closed","ping_status":"closed","template":"","meta":{"footnotes":""},"class_list":["post-36","page","type-page","status-publish","has-post-thumbnail","hentry"],"yoast_head":"<!-- This site is optimized with the Yoast SEO plugin v27.3 - https:\/\/yoast.com\/product\/yoast-seo-wordpress\/ -->\n<title>Rental | Seawings<\/title>\n<meta name=\"robots\" content=\"index, follow, max-snippet:-1, max-image-preview:large, max-video-preview:-1\" \/>\n<link rel=\"canonical\" href=\"https:\/\/seawings.es\/es\/alquiler\/\" \/>\n<meta property=\"og:locale\" content=\"es_ES\" \/>\n<meta property=\"og:type\" content=\"article\" \/>\n<meta property=\"og:title\" content=\"Rental | Seawings\" \/>\n<meta property=\"og:description\" content=\"We believe that every client looking for housing in Spain is different, but everyone appreciates honesty and ease of communication. Therefore, our priorities are careful selection of real estate objects, honest descriptions and dedication to each client. We are small but ambitious. Following our priorities, we plan to expand our activity area &#8211; to help [&hellip;]\" \/>\n<meta property=\"og:url\" content=\"https:\/\/seawings.es\/es\/alquiler\/\" \/>\n<meta property=\"og:site_name\" content=\"Seawings\" \/>\n<meta property=\"article:modified_time\" content=\"2024-04-16T06:12:10+00:00\" \/>\n<meta property=\"og:image\" content=\"https:\/\/seawings.es\/wp-content\/uploads\/Subtract.png\" \/>\n\t<meta property=\"og:image:width\" content=\"1920\" \/>\n\t<meta property=\"og:image:height\" content=\"563\" \/>\n\t<meta property=\"og:image:type\" content=\"image\/png\" \/>\n<meta name=\"twitter:card\" content=\"summary_large_image\" \/>\n<script type=\"application\/ld+json\" class=\"yoast-schema-graph\">{\"@context\":\"https:\\\/\\\/schema.org\",\"@graph\":[{\"@type\":\"WebPage\",\"@id\":\"https:\\\/\\\/seawings.es\\\/houses-for-rent\\\/\",\"url\":\"https:\\\/\\\/seawings.es\\\/houses-for-rent\\\/\",\"name\":\"Rental | Seawings\",\"isPartOf\":{\"@id\":\"https:\\\/\\\/seawings.es\\\/#website\"},\"primaryImageOfPage\":{\"@id\":\"https:\\\/\\\/seawings.es\\\/houses-for-rent\\\/#primaryimage\"},\"image\":{\"@id\":\"https:\\\/\\\/seawings.es\\\/houses-for-rent\\\/#primaryimage\"},\"thumbnailUrl\":\"https:\\\/\\\/seawings.es\\\/wp-content\\\/uploads\\\/Subtract.png\",\"datePublished\":\"2023-09-02T09:58:03+00:00\",\"dateModified\":\"2024-04-16T06:12:10+00:00\",\"breadcrumb\":{\"@id\":\"https:\\\/\\\/seawings.es\\\/houses-for-rent\\\/#breadcrumb\"},\"inLanguage\":\"es\",\"potentialAction\":[{\"@type\":\"ReadAction\",\"target\":[\"https:\\\/\\\/seawings.es\\\/houses-for-rent\\\/\"]}]},{\"@type\":\"ImageObject\",\"inLanguage\":\"es\",\"@id\":\"https:\\\/\\\/seawings.es\\\/houses-for-rent\\\/#primaryimage\",\"url\":\"https:\\\/\\\/seawings.es\\\/wp-content\\\/uploads\\\/Subtract.png\",\"contentUrl\":\"https:\\\/\\\/seawings.es\\\/wp-content\\\/uploads\\\/Subtract.png\",\"width\":1920,\"height\":563},{\"@type\":\"BreadcrumbList\",\"@id\":\"https:\\\/\\\/seawings.es\\\/houses-for-rent\\\/#breadcrumb\",\"itemListElement\":[{\"@type\":\"ListItem\",\"position\":1,\"name\":\"Home\",\"item\":\"https:\\\/\\\/seawings.es\\\/\"},{\"@type\":\"ListItem\",\"position\":2,\"name\":\"Rental\"}]},{\"@type\":\"WebSite\",\"@id\":\"https:\\\/\\\/seawings.es\\\/#website\",\"url\":\"https:\\\/\\\/seawings.es\\\/\",\"name\":\"Seawings Real | Estate Property Management, Sales & Rentals in Spain\",\"description\":\"Your Gateway to Premier Properties in Spain \u2013 Buy, Rent, Manage with Confidence.\",\"publisher\":{\"@id\":\"https:\\\/\\\/seawings.es\\\/#organization\"},\"potentialAction\":[{\"@type\":\"SearchAction\",\"target\":{\"@type\":\"EntryPoint\",\"urlTemplate\":\"https:\\\/\\\/seawings.es\\\/?s={search_term_string}\"},\"query-input\":{\"@type\":\"PropertyValueSpecification\",\"valueRequired\":true,\"valueName\":\"search_term_string\"}}],\"inLanguage\":\"es\"},{\"@type\":\"Organization\",\"@id\":\"https:\\\/\\\/seawings.es\\\/#organization\",\"name\":\"Seawings Real | Estate Property Management, Sales & Rentals in Spain\",\"url\":\"https:\\\/\\\/seawings.es\\\/\",\"logo\":{\"@type\":\"ImageObject\",\"inLanguage\":\"es\",\"@id\":\"https:\\\/\\\/seawings.es\\\/#\\\/schema\\\/logo\\\/image\\\/\",\"url\":\"https:\\\/\\\/seawings.es\\\/wp-content\\\/uploads\\\/Sea_wings_logo_darbinis_jpeg-scaled.jpg\",\"contentUrl\":\"https:\\\/\\\/seawings.es\\\/wp-content\\\/uploads\\\/Sea_wings_logo_darbinis_jpeg-scaled.jpg\",\"width\":2560,\"height\":1770,\"caption\":\"Seawings Real | Estate Property Management, Sales & Rentals in Spain\"},\"image\":{\"@id\":\"https:\\\/\\\/seawings.es\\\/#\\\/schema\\\/logo\\\/image\\\/\"}}]}<\/script>\n<!-- \/ Yoast SEO plugin. -->","yoast_head_json":{"title":"Alquiler | Seawings","robots":{"index":"index","follow":"follow","max-snippet":"max-snippet:-1","max-image-preview":"max-image-preview:large","max-video-preview":"max-video-preview:-1"},"canonical":"https:\/\/seawings.es\/es\/alquiler\/","og_locale":"es_ES","og_type":"article","og_title":"Rental | Seawings","og_description":"We believe that every client looking for housing in Spain is different, but everyone appreciates honesty and ease of communication. Therefore, our priorities are careful selection of real estate objects, honest descriptions and dedication to each client. We are small but ambitious. Following our priorities, we plan to expand our activity area &#8211; to help [&hellip;]","og_url":"https:\/\/seawings.es\/es\/alquiler\/","og_site_name":"Seawings","article_modified_time":"2024-04-16T06:12:10+00:00","og_image":[{"width":1920,"height":563,"url":"https:\/\/seawings.es\/wp-content\/uploads\/Subtract.png","type":"image\/png"}],"twitter_card":"summary_large_image","schema":{"@context":"https:\/\/schema.org","@graph":[{"@type":"WebPage","@id":"https:\/\/seawings.es\/houses-for-rent\/","url":"https:\/\/seawings.es\/houses-for-rent\/","name":"Alquiler | Seawings","isPartOf":{"@id":"https:\/\/seawings.es\/#website"},"primaryImageOfPage":{"@id":"https:\/\/seawings.es\/houses-for-rent\/#primaryimage"},"image":{"@id":"https:\/\/seawings.es\/houses-for-rent\/#primaryimage"},"thumbnailUrl":"https:\/\/seawings.es\/wp-content\/uploads\/Subtract.png","datePublished":"2023-09-02T09:58:03+00:00","dateModified":"2024-04-16T06:12:10+00:00","breadcrumb":{"@id":"https:\/\/seawings.es\/houses-for-rent\/#breadcrumb"},"inLanguage":"es","potentialAction":[{"@type":"ReadAction","target":["https:\/\/seawings.es\/houses-for-rent\/"]}]},{"@type":"ImageObject","inLanguage":"es","@id":"https:\/\/seawings.es\/houses-for-rent\/#primaryimage","url":"https:\/\/seawings.es\/wp-content\/uploads\/Subtract.png","contentUrl":"https:\/\/seawings.es\/wp-content\/uploads\/Subtract.png","width":1920,"height":563},{"@type":"BreadcrumbList","@id":"https:\/\/seawings.es\/houses-for-rent\/#breadcrumb","itemListElement":[{"@type":"ListItem","position":1,"name":"Home","item":"https:\/\/seawings.es\/"},{"@type":"ListItem","position":2,"name":"Rental"}]},{"@type":"WebSite","@id":"https:\/\/seawings.es\/#website","url":"https:\/\/seawings.es\/","name":"Seawings Real | Gesti\u00f3n Inmobiliaria, Ventas y Alquileres en Espa\u00f1a","description":"Su puerta de acceso a propiedades de primera calidad en Espa\u00f1a - Compre, alquile y gestione con confianza.","publisher":{"@id":"https:\/\/seawings.es\/#organization"},"potentialAction":[{"@type":"SearchAction","target":{"@type":"EntryPoint","urlTemplate":"https:\/\/seawings.es\/?s={search_term_string}"},"query-input":{"@type":"PropertyValueSpecification","valueRequired":true,"valueName":"search_term_string"}}],"inLanguage":"es"},{"@type":"Organization","@id":"https:\/\/seawings.es\/#organization","name":"Seawings Real | Gesti\u00f3n Inmobiliaria, Ventas y Alquileres en Espa\u00f1a","url":"https:\/\/seawings.es\/","logo":{"@type":"ImageObject","inLanguage":"es","@id":"https:\/\/seawings.es\/#\/schema\/logo\/image\/","url":"https:\/\/seawings.es\/wp-content\/uploads\/Sea_wings_logo_darbinis_jpeg-scaled.jpg","contentUrl":"https:\/\/seawings.es\/wp-content\/uploads\/Sea_wings_logo_darbinis_jpeg-scaled.jpg","width":2560,"height":1770,"caption":"Seawings Real | Estate Property Management, Sales & Rentals in Spain"},"image":{"@id":"https:\/\/seawings.es\/#\/schema\/logo\/image\/"}}]}},"meta_box":{"hero_title":"","section_2_title":"","wysiwyg_0gur3omh1dy":"","section_2_image":false,"subheading":"Find a property for rent","image_advanced_7z66k0cibs":[],"group_cts6zyac6hf":[]},"_links":{"self":[{"href":"https:\/\/seawings.es\/es\/wp-json\/wp\/v2\/pages\/36","targetHints":{"allow":["GET"]}}],"collection":[{"href":"https:\/\/seawings.es\/es\/wp-json\/wp\/v2\/pages"}],"about":[{"href":"https:\/\/seawings.es\/es\/wp-json\/wp\/v2\/types\/page"}],"author":[{"embeddable":true,"href":"https:\/\/seawings.es\/es\/wp-json\/wp\/v2\/users\/1"}],"replies":[{"embeddable":true,"href":"https:\/\/seawings.es\/es\/wp-json\/wp\/v2\/comments?post=36"}],"version-history":[{"count":6,"href":"https:\/\/seawings.es\/es\/wp-json\/wp\/v2\/pages\/36\/revisions"}],"predecessor-version":[{"id":4749,"href":"https:\/\/seawings.es\/es\/wp-json\/wp\/v2\/pages\/36\/revisions\/4749"}],"wp:featuredmedia":[{"embeddable":true,"href":"https:\/\/seawings.es\/es\/wp-json\/wp\/v2\/media\/478"}],"wp:attachment":[{"href":"https:\/\/seawings.es\/es\/wp-json\/wp\/v2\/media?parent=36"}],"curies":[{"name":"wp","href":"https:\/\/api.w.org\/{rel}","templated":true}]}}