{"id":20,"date":"2023-06-26T13:23:06","date_gmt":"2023-06-26T10:23:06","guid":{"rendered":"http:\/\/seawings.es\/?page_id=20"},"modified":"2023-09-20T16:52:25","modified_gmt":"2023-09-20T13:52:25","slug":"about-us","status":"publish","type":"page","link":"https:\/\/seawings.es\/fr\/a-propos-de-nous\/","title":{"rendered":"A propos de nous"},"content":{"rendered":"<div class=\"brxe-text fr-lede fr-content-section-alpha\">\n<p><em>Nous voulons \u00eatre des partenaires et des conseillers pour les clients \u00e0 la recherche d'une exp\u00e9rience de r\u00eave. En proposant des options de location \u00e0 court terme, nous souhaitons faire partie de l'\u00e9conomie de partage.<\/em><\/p>\n<p>Nous sommes petits mais ambitieux. Conform\u00e9ment \u00e0 nos priorit\u00e9s, nous pr\u00e9voyons d'\u00e9tendre notre domaine d'activit\u00e9 - pour aider \u00e0 trouver un logement de Malaga \u00e0 Barcelone et d\u00e9velopper des projets de construction immobili\u00e8re. La volont\u00e9 d'offrir le meilleur rapport qualit\u00e9-prix \u00e0 des clients ayant toutes sortes de besoins nous pousse vers l'avenir. Nous sommes petits mais ambitieux. Conform\u00e9ment \u00e0 nos priorit\u00e9s, nous pr\u00e9voyons d'\u00e9tendre notre domaine d'activit\u00e9 - aider \u00e0 trouver un logement de M\u00e1laga \u00e0 Barcelone et d\u00e9velopper des projets de construction immobili\u00e8re.<\/p>\n<\/div>","protected":false},"excerpt":{"rendered":"<p>We want to be partners and consultants to customers looking for the dream experience. By offering short-term rental options we care to be a part of sharing economy. We are small but ambitious. Following our priorities, we plan to expand our activity area \u2013 to help find housing from M\u00e1laga to Barcelona and develop real [&hellip;]<\/p>\n","protected":false},"author":1,"featured_media":537,"parent":0,"menu_order":0,"comment_status":"closed","ping_status":"closed","template":"","meta":{"footnotes":""},"class_list":["post-20","page","type-page","status-publish","has-post-thumbnail","hentry"],"yoast_head":"<!-- This site is optimized with the Yoast SEO plugin v27.4 - https:\/\/yoast.com\/product\/yoast-seo-wordpress\/ -->\n<title>About us | Seawings<\/title>\n<meta name=\"robots\" content=\"index, follow, max-snippet:-1, max-image-preview:large, max-video-preview:-1\" \/>\n<link rel=\"canonical\" href=\"https:\/\/seawings.es\/fr\/a-propos-de-nous\/\" \/>\n<meta property=\"og:locale\" content=\"fr_FR\" \/>\n<meta property=\"og:type\" content=\"article\" \/>\n<meta property=\"og:title\" content=\"About us | Seawings\" \/>\n<meta property=\"og:description\" content=\"We want to be partners and consultants to customers looking for the dream experience. By offering short-term rental options we care to be a part of sharing economy. We are small but ambitious. Following our priorities, we plan to expand our activity area \u2013 to help find housing from M\u00e1laga to Barcelona and develop real [&hellip;]\" \/>\n<meta property=\"og:url\" content=\"https:\/\/seawings.es\/fr\/a-propos-de-nous\/\" \/>\n<meta property=\"og:site_name\" content=\"Seawings\" \/>\n<meta property=\"article:modified_time\" content=\"2023-09-20T13:52:25+00:00\" \/>\n<meta property=\"og:image\" content=\"https:\/\/seawings.es\/wp-content\/uploads\/main-1-12.png\" \/>\n\t<meta property=\"og:image:width\" content=\"1920\" \/>\n\t<meta property=\"og:image:height\" content=\"551\" \/>\n\t<meta property=\"og:image:type\" content=\"image\/png\" \/>\n<meta name=\"twitter:card\" content=\"summary_large_image\" \/>\n<meta name=\"twitter:label1\" content=\"Dur\u00e9e de lecture estim\u00e9e\" \/>\n\t<meta name=\"twitter:data1\" content=\"1 minute\" \/>\n<script type=\"application\/ld+json\" class=\"yoast-schema-graph\">{\"@context\":\"https:\\\/\\\/schema.org\",\"@graph\":[{\"@type\":\"WebPage\",\"@id\":\"https:\\\/\\\/seawings.es\\\/about-us\\\/\",\"url\":\"https:\\\/\\\/seawings.es\\\/about-us\\\/\",\"name\":\"About us | Seawings\",\"isPartOf\":{\"@id\":\"https:\\\/\\\/seawings.es\\\/#website\"},\"primaryImageOfPage\":{\"@id\":\"https:\\\/\\\/seawings.es\\\/about-us\\\/#primaryimage\"},\"image\":{\"@id\":\"https:\\\/\\\/seawings.es\\\/about-us\\\/#primaryimage\"},\"thumbnailUrl\":\"https:\\\/\\\/seawings.es\\\/wp-content\\\/uploads\\\/main-1-12.png\",\"datePublished\":\"2023-06-26T10:23:06+00:00\",\"dateModified\":\"2023-09-20T13:52:25+00:00\",\"breadcrumb\":{\"@id\":\"https:\\\/\\\/seawings.es\\\/about-us\\\/#breadcrumb\"},\"inLanguage\":\"fr-FR\",\"potentialAction\":[{\"@type\":\"ReadAction\",\"target\":[\"https:\\\/\\\/seawings.es\\\/about-us\\\/\"]}]},{\"@type\":\"ImageObject\",\"inLanguage\":\"fr-FR\",\"@id\":\"https:\\\/\\\/seawings.es\\\/about-us\\\/#primaryimage\",\"url\":\"https:\\\/\\\/seawings.es\\\/wp-content\\\/uploads\\\/main-1-12.png\",\"contentUrl\":\"https:\\\/\\\/seawings.es\\\/wp-content\\\/uploads\\\/main-1-12.png\",\"width\":1920,\"height\":551},{\"@type\":\"BreadcrumbList\",\"@id\":\"https:\\\/\\\/seawings.es\\\/about-us\\\/#breadcrumb\",\"itemListElement\":[{\"@type\":\"ListItem\",\"position\":1,\"name\":\"Home\",\"item\":\"https:\\\/\\\/seawings.es\\\/\"},{\"@type\":\"ListItem\",\"position\":2,\"name\":\"About us\"}]},{\"@type\":\"WebSite\",\"@id\":\"https:\\\/\\\/seawings.es\\\/#website\",\"url\":\"https:\\\/\\\/seawings.es\\\/\",\"name\":\"Seawings Real | Estate Property Management, Sales & Rentals in Spain\",\"description\":\"Your Gateway to Premier Properties in Spain \u2013 Buy, Rent, Manage with Confidence.\",\"publisher\":{\"@id\":\"https:\\\/\\\/seawings.es\\\/#organization\"},\"potentialAction\":[{\"@type\":\"SearchAction\",\"target\":{\"@type\":\"EntryPoint\",\"urlTemplate\":\"https:\\\/\\\/seawings.es\\\/?s={search_term_string}\"},\"query-input\":{\"@type\":\"PropertyValueSpecification\",\"valueRequired\":true,\"valueName\":\"search_term_string\"}}],\"inLanguage\":\"fr-FR\"},{\"@type\":\"Organization\",\"@id\":\"https:\\\/\\\/seawings.es\\\/#organization\",\"name\":\"Seawings Real | Estate Property Management, Sales & Rentals in Spain\",\"url\":\"https:\\\/\\\/seawings.es\\\/\",\"logo\":{\"@type\":\"ImageObject\",\"inLanguage\":\"fr-FR\",\"@id\":\"https:\\\/\\\/seawings.es\\\/#\\\/schema\\\/logo\\\/image\\\/\",\"url\":\"https:\\\/\\\/seawings.es\\\/wp-content\\\/uploads\\\/Sea_wings_logo_darbinis_jpeg-scaled.jpg\",\"contentUrl\":\"https:\\\/\\\/seawings.es\\\/wp-content\\\/uploads\\\/Sea_wings_logo_darbinis_jpeg-scaled.jpg\",\"width\":2560,\"height\":1770,\"caption\":\"Seawings Real | Estate Property Management, Sales & Rentals in Spain\"},\"image\":{\"@id\":\"https:\\\/\\\/seawings.es\\\/#\\\/schema\\\/logo\\\/image\\\/\"}}]}<\/script>\n<!-- \/ Yoast SEO plugin. -->","yoast_head_json":{"title":"A propos de nous | Seawings","robots":{"index":"index","follow":"follow","max-snippet":"max-snippet:-1","max-image-preview":"max-image-preview:large","max-video-preview":"max-video-preview:-1"},"canonical":"https:\/\/seawings.es\/fr\/a-propos-de-nous\/","og_locale":"fr_FR","og_type":"article","og_title":"About us | Seawings","og_description":"We want to be partners and consultants to customers looking for the dream experience. By offering short-term rental options we care to be a part of sharing economy. We are small but ambitious. Following our priorities, we plan to expand our activity area \u2013 to help find housing from M\u00e1laga to Barcelona and develop real [&hellip;]","og_url":"https:\/\/seawings.es\/fr\/a-propos-de-nous\/","og_site_name":"Seawings","article_modified_time":"2023-09-20T13:52:25+00:00","og_image":[{"width":1920,"height":551,"url":"https:\/\/seawings.es\/wp-content\/uploads\/main-1-12.png","type":"image\/png"}],"twitter_card":"summary_large_image","twitter_misc":{"Dur\u00e9e de lecture estim\u00e9e":"1 minute"},"schema":{"@context":"https:\/\/schema.org","@graph":[{"@type":"WebPage","@id":"https:\/\/seawings.es\/about-us\/","url":"https:\/\/seawings.es\/about-us\/","name":"A propos de nous | Seawings","isPartOf":{"@id":"https:\/\/seawings.es\/#website"},"primaryImageOfPage":{"@id":"https:\/\/seawings.es\/about-us\/#primaryimage"},"image":{"@id":"https:\/\/seawings.es\/about-us\/#primaryimage"},"thumbnailUrl":"https:\/\/seawings.es\/wp-content\/uploads\/main-1-12.png","datePublished":"2023-06-26T10:23:06+00:00","dateModified":"2023-09-20T13:52:25+00:00","breadcrumb":{"@id":"https:\/\/seawings.es\/about-us\/#breadcrumb"},"inLanguage":"fr-FR","potentialAction":[{"@type":"ReadAction","target":["https:\/\/seawings.es\/about-us\/"]}]},{"@type":"ImageObject","inLanguage":"fr-FR","@id":"https:\/\/seawings.es\/about-us\/#primaryimage","url":"https:\/\/seawings.es\/wp-content\/uploads\/main-1-12.png","contentUrl":"https:\/\/seawings.es\/wp-content\/uploads\/main-1-12.png","width":1920,"height":551},{"@type":"BreadcrumbList","@id":"https:\/\/seawings.es\/about-us\/#breadcrumb","itemListElement":[{"@type":"ListItem","position":1,"name":"Home","item":"https:\/\/seawings.es\/"},{"@type":"ListItem","position":2,"name":"About us"}]},{"@type":"WebSite","@id":"https:\/\/seawings.es\/#website","url":"https:\/\/seawings.es\/","name":"Seawings Real | Gestion immobili\u00e8re, ventes et locations en Espagne","description":"Votre portail vers des propri\u00e9t\u00e9s de premier ordre en Espagne - Achetez, louez, g\u00e9rez en toute confiance.","publisher":{"@id":"https:\/\/seawings.es\/#organization"},"potentialAction":[{"@type":"SearchAction","target":{"@type":"EntryPoint","urlTemplate":"https:\/\/seawings.es\/?s={search_term_string}"},"query-input":{"@type":"PropertyValueSpecification","valueRequired":true,"valueName":"search_term_string"}}],"inLanguage":"fr-FR"},{"@type":"Organization","@id":"https:\/\/seawings.es\/#organization","name":"Seawings Real | Gestion immobili\u00e8re, ventes et locations en Espagne","url":"https:\/\/seawings.es\/","logo":{"@type":"ImageObject","inLanguage":"fr-FR","@id":"https:\/\/seawings.es\/#\/schema\/logo\/image\/","url":"https:\/\/seawings.es\/wp-content\/uploads\/Sea_wings_logo_darbinis_jpeg-scaled.jpg","contentUrl":"https:\/\/seawings.es\/wp-content\/uploads\/Sea_wings_logo_darbinis_jpeg-scaled.jpg","width":2560,"height":1770,"caption":"Seawings Real | Estate Property Management, Sales & Rentals in Spain"},"image":{"@id":"https:\/\/seawings.es\/#\/schema\/logo\/image\/"}}]}},"meta_box":{"hero_title":"","section_2_title":"UNLOCK YOUR SPANISH DREAM WITH SEAWINGS","wysiwyg_0gur3omh1dy":"<p class=\"brxe-heading no-content__title\"><strong>WE WANT TO BE PARTNERS AND CONSULTANTS TO CUSTOMERS LOOKING FOR THE DREAM EXPERIENCE. BY OFFERING SHORT-TERM RENTAL OPTIONS WE CARE TO BE A PART OF SHARING ECONOMY.<\/strong><\/p>\n<div class=\"brxe-text no-content__text\">\n<p>We believe that every client looking for housing in Spain is different, but everyone appreciates honesty and ease of communication. Therefore, our priorities are careful selection of real estate objects, honest descriptions and dedication to each client.<\/p>\n<p>We are small but ambitious. Following our priorities, we plan to expand our activity area \u2013 to help find housing from M\u00e1laga to Barcelona and develop real estate construction projects. The willingness to be able to offer the best value to customers with all kinds of needs drive us to the future.<\/p>\n<\/div>\n","section_2_image":{"width":150,"height":150,"file":"main-1.png","filesize":2551219,"sizes":{"medium":{"file":"main-1-960x439.png","width":960,"height":439,"mime-type":"image\/png","filesize":552593,"url":"https:\/\/seawings.es\/wp-content\/uploads\/main-1-960x439.png"},"thumbnail":{"file":"main-1-150x150.png","width":150,"height":150,"mime-type":"image\/png","filesize":34955,"url":"https:\/\/seawings.es\/wp-content\/uploads\/main-1-150x150.png"},"medium_large":{"file":"main-1-768x351.png","width":768,"height":351,"mime-type":"image\/png","filesize":362844,"url":"https:\/\/seawings.es\/wp-content\/uploads\/main-1-768x351.png"},"1536x1536":{"file":"main-1-1536x702.png","width":1536,"height":702,"mime-type":"image\/png","filesize":1409826,"url":"https:\/\/seawings.es\/wp-content\/uploads\/main-1-1536x702.png"}},"image_meta":{"aperture":"0","credit":"","camera":"","caption":"","created_timestamp":"0","copyright":"","focal_length":"0","iso":"0","shutter_speed":"0","title":"","orientation":"0","keywords":[]},"ID":"71","name":"main-1.png","path":"\/home\/u444898506\/domains\/seawings.es\/public_html\/wp-content\/uploads\/main-1.png","url":"https:\/\/seawings.es\/wp-content\/uploads\/main-1-150x150.png","full_url":"https:\/\/seawings.es\/wp-content\/uploads\/main-1.png","title":"main 1","caption":"","description":"","alt":"","srcset":false},"subheading":"","image_advanced_7z66k0cibs":[],"group_cts6zyac6hf":[]},"_links":{"self":[{"href":"https:\/\/seawings.es\/fr\/wp-json\/wp\/v2\/pages\/20","targetHints":{"allow":["GET"]}}],"collection":[{"href":"https:\/\/seawings.es\/fr\/wp-json\/wp\/v2\/pages"}],"about":[{"href":"https:\/\/seawings.es\/fr\/wp-json\/wp\/v2\/types\/page"}],"author":[{"embeddable":true,"href":"https:\/\/seawings.es\/fr\/wp-json\/wp\/v2\/users\/1"}],"replies":[{"embeddable":true,"href":"https:\/\/seawings.es\/fr\/wp-json\/wp\/v2\/comments?post=20"}],"version-history":[{"count":0,"href":"https:\/\/seawings.es\/fr\/wp-json\/wp\/v2\/pages\/20\/revisions"}],"wp:featuredmedia":[{"embeddable":true,"href":"https:\/\/seawings.es\/fr\/wp-json\/wp\/v2\/media\/537"}],"wp:attachment":[{"href":"https:\/\/seawings.es\/fr\/wp-json\/wp\/v2\/media?parent=20"}],"curies":[{"name":"wp","href":"https:\/\/api.w.org\/{rel}","templated":true}]}}