{"id":16,"date":"2023-06-26T13:22:43","date_gmt":"2023-06-26T10:22:43","guid":{"rendered":"http:\/\/seawings.es\/?page_id=16"},"modified":"2025-04-05T01:10:08","modified_gmt":"2025-04-04T22:10:08","slug":"pagrindinis","status":"publish","type":"page","link":"https:\/\/seawings.es\/lt\/","title":{"rendered":"Pagrindinis"},"content":{"rendered":"<p>Mes mylime Ispanij\u0105 ir dalinam\u0117s ja su visais, ie\u0161kan\u010diais \u010dia nam\u0173. Gyvenimas \u0161ioje am\u017einos vasaros \u017eem\u0117je mus \u012fkv\u0117p\u0117 teikti tarpininkavimo paslaugas ie\u0161kantiems b\u016bsto. Gyvenamasis turizmas neabejotinai yra geriausias b\u016bdas susipa\u017einti su Vidur\u017eemio j\u016bros regiono gyvenimo gro\u017eiu.<\/p>","protected":false},"excerpt":{"rendered":"<p>Mes mylime Ispanij\u0105 ir dalinam\u0117s ja su visais, ie\u0161kan\u010diais \u010dia nam\u0173. Gyvenimas \u0161ioje am\u017einos vasaros \u017eem\u0117je mus \u012fkv\u0117p\u0117 teikti tarpininkavimo paslaugas ie\u0161kantiems b\u016bsto. Gyvenamasis turizmas neabejotinai yra geriausias b\u016bdas susipa\u017einti su Vidur\u017eemio j\u016bros regiono gyvenimo gro\u017eiu.<\/p>","protected":false},"author":1,"featured_media":0,"parent":0,"menu_order":0,"comment_status":"closed","ping_status":"closed","template":"","meta":{"footnotes":""},"class_list":["post-16","page","type-page","status-publish","hentry"],"yoast_head":"<!-- This site is optimized with the Yoast SEO plugin v27.4 - https:\/\/yoast.com\/product\/yoast-seo-wordpress\/ -->\n<title>Seawings | Property Management, Sales &amp; Rentals in Spain<\/title>\n<meta name=\"description\" content=\"Explore top property management, sales, lettings, and rentals in Spain with Seawings Real Estate. Find your perfect home with expert services tailored to you.\" \/>\n<meta name=\"robots\" content=\"index, follow, max-snippet:-1, max-image-preview:large, max-video-preview:-1\" \/>\n<link rel=\"canonical\" href=\"https:\/\/seawings.es\/lt\/\" \/>\n<meta property=\"og:locale\" content=\"lt_LT\" \/>\n<meta property=\"og:type\" content=\"article\" \/>\n<meta property=\"og:title\" content=\"Seawings | Property Management, Sales &amp; Rentals in Spain\" \/>\n<meta property=\"og:description\" content=\"Explore top property management, sales, lettings, and rentals in Spain with Seawings Real Estate. Find your perfect home with expert services tailored to you.\" \/>\n<meta property=\"og:url\" content=\"https:\/\/seawings.es\/lt\/\" \/>\n<meta property=\"og:site_name\" content=\"Seawings\" \/>\n<meta property=\"article:modified_time\" content=\"2025-04-04T22:10:08+00:00\" \/>\n<meta property=\"og:image\" content=\"https:\/\/seawings.es\/wp-content\/uploads\/Untitled-design.jpg\" \/>\n\t<meta property=\"og:image:width\" content=\"1200\" \/>\n\t<meta property=\"og:image:height\" content=\"675\" \/>\n\t<meta property=\"og:image:type\" content=\"image\/jpeg\" \/>\n<meta name=\"twitter:card\" content=\"summary_large_image\" \/>\n<meta name=\"twitter:label1\" content=\"Est. reading time\" \/>\n\t<meta name=\"twitter:data1\" content=\"3 minut\u0117s\" \/>\n<script type=\"application\/ld+json\" class=\"yoast-schema-graph\">{\"@context\":\"https:\\\/\\\/schema.org\",\"@graph\":[{\"@type\":\"WebPage\",\"@id\":\"https:\\\/\\\/seawings.es\\\/\",\"url\":\"https:\\\/\\\/seawings.es\\\/\",\"name\":\"Seawings | Property Management, Sales & Rentals in Spain\",\"isPartOf\":{\"@id\":\"https:\\\/\\\/seawings.es\\\/#website\"},\"datePublished\":\"2023-06-26T10:22:43+00:00\",\"dateModified\":\"2025-04-04T22:10:08+00:00\",\"description\":\"Explore top property management, sales, lettings, and rentals in Spain with Seawings Real Estate. Find your perfect home with expert services tailored to you.\",\"breadcrumb\":{\"@id\":\"https:\\\/\\\/seawings.es\\\/#breadcrumb\"},\"inLanguage\":\"lt-LT\",\"potentialAction\":[{\"@type\":\"ReadAction\",\"target\":[\"https:\\\/\\\/seawings.es\\\/\"]}]},{\"@type\":\"BreadcrumbList\",\"@id\":\"https:\\\/\\\/seawings.es\\\/#breadcrumb\",\"itemListElement\":[{\"@type\":\"ListItem\",\"position\":1,\"name\":\"Home\",\"item\":\"https:\\\/\\\/seawings.es\\\/\"},{\"@type\":\"ListItem\",\"position\":2,\"name\":\"Home\"}]},{\"@type\":\"WebSite\",\"@id\":\"https:\\\/\\\/seawings.es\\\/#website\",\"url\":\"https:\\\/\\\/seawings.es\\\/\",\"name\":\"Seawings Real | Estate Property Management, Sales & Rentals in Spain\",\"description\":\"Your Gateway to Premier Properties in Spain \u2013 Buy, Rent, Manage with Confidence.\",\"publisher\":{\"@id\":\"https:\\\/\\\/seawings.es\\\/#organization\"},\"potentialAction\":[{\"@type\":\"SearchAction\",\"target\":{\"@type\":\"EntryPoint\",\"urlTemplate\":\"https:\\\/\\\/seawings.es\\\/?s={search_term_string}\"},\"query-input\":{\"@type\":\"PropertyValueSpecification\",\"valueRequired\":true,\"valueName\":\"search_term_string\"}}],\"inLanguage\":\"lt-LT\"},{\"@type\":\"Organization\",\"@id\":\"https:\\\/\\\/seawings.es\\\/#organization\",\"name\":\"Seawings Real | Estate Property Management, Sales & Rentals in Spain\",\"url\":\"https:\\\/\\\/seawings.es\\\/\",\"logo\":{\"@type\":\"ImageObject\",\"inLanguage\":\"lt-LT\",\"@id\":\"https:\\\/\\\/seawings.es\\\/#\\\/schema\\\/logo\\\/image\\\/\",\"url\":\"https:\\\/\\\/seawings.es\\\/wp-content\\\/uploads\\\/Sea_wings_logo_darbinis_jpeg-scaled.jpg\",\"contentUrl\":\"https:\\\/\\\/seawings.es\\\/wp-content\\\/uploads\\\/Sea_wings_logo_darbinis_jpeg-scaled.jpg\",\"width\":2560,\"height\":1770,\"caption\":\"Seawings Real | Estate Property Management, Sales & Rentals in Spain\"},\"image\":{\"@id\":\"https:\\\/\\\/seawings.es\\\/#\\\/schema\\\/logo\\\/image\\\/\"}}]}<\/script>\n<!-- \/ Yoast SEO plugin. -->","yoast_head_json":{"title":"Seawings | Nekilnojamojo turto valdymas, pardavimas ir nuoma Ispanijoje","description":"Susipa\u017einkite su geriausiais nekilnojamojo turto valdymo, pardavimo, nuomos ir i\u0161perkamosios nuomos paslaugomis Ispanijoje su \"Seawings Real Estate\". Ie\u0161kokite tobul\u0173 nam\u0173, naudodamiesi specialiai jums pritaikytomis ekspert\u0173 paslaugomis.","robots":{"index":"index","follow":"follow","max-snippet":"max-snippet:-1","max-image-preview":"max-image-preview:large","max-video-preview":"max-video-preview:-1"},"canonical":"https:\/\/seawings.es\/lt\/","og_locale":"lt_LT","og_type":"article","og_title":"Seawings | Property Management, Sales & Rentals in Spain","og_description":"Explore top property management, sales, lettings, and rentals in Spain with Seawings Real Estate. Find your perfect home with expert services tailored to you.","og_url":"https:\/\/seawings.es\/lt\/","og_site_name":"Seawings","article_modified_time":"2025-04-04T22:10:08+00:00","og_image":[{"width":1200,"height":675,"url":"https:\/\/seawings.es\/wp-content\/uploads\/Untitled-design.jpg","type":"image\/jpeg"}],"twitter_card":"summary_large_image","twitter_misc":{"Est. reading time":"3 minut\u0117s"},"schema":{"@context":"https:\/\/schema.org","@graph":[{"@type":"WebPage","@id":"https:\/\/seawings.es\/","url":"https:\/\/seawings.es\/","name":"Seawings | Nekilnojamojo turto valdymas, pardavimas ir nuoma Ispanijoje","isPartOf":{"@id":"https:\/\/seawings.es\/#website"},"datePublished":"2023-06-26T10:22:43+00:00","dateModified":"2025-04-04T22:10:08+00:00","description":"Susipa\u017einkite su geriausiais nekilnojamojo turto valdymo, pardavimo, nuomos ir i\u0161perkamosios nuomos paslaugomis Ispanijoje su \"Seawings Real Estate\". Ie\u0161kokite tobul\u0173 nam\u0173, naudodamiesi specialiai jums pritaikytomis ekspert\u0173 paslaugomis.","breadcrumb":{"@id":"https:\/\/seawings.es\/#breadcrumb"},"inLanguage":"lt-LT","potentialAction":[{"@type":"ReadAction","target":["https:\/\/seawings.es\/"]}]},{"@type":"BreadcrumbList","@id":"https:\/\/seawings.es\/#breadcrumb","itemListElement":[{"@type":"ListItem","position":1,"name":"Home","item":"https:\/\/seawings.es\/"},{"@type":"ListItem","position":2,"name":"Home"}]},{"@type":"WebSite","@id":"https:\/\/seawings.es\/#website","url":"https:\/\/seawings.es\/","name":"Seawings Real | Nekilnojamasis turtas Nekilnojamojo turto valdymas, pardavimas ir nuoma Ispanijoje","description":"J\u016bs\u0173 vartai \u012f auk\u0161\u010diausios klas\u0117s nekilnojam\u0105j\u012f turt\u0105 Ispanijoje - dr\u0105siai pirkite, nuomokite ir valdykite.","publisher":{"@id":"https:\/\/seawings.es\/#organization"},"potentialAction":[{"@type":"SearchAction","target":{"@type":"EntryPoint","urlTemplate":"https:\/\/seawings.es\/?s={search_term_string}"},"query-input":{"@type":"PropertyValueSpecification","valueRequired":true,"valueName":"search_term_string"}}],"inLanguage":"lt-LT"},{"@type":"Organization","@id":"https:\/\/seawings.es\/#organization","name":"Seawings Real | Nekilnojamasis turtas Nekilnojamojo turto valdymas, pardavimas ir nuoma Ispanijoje","url":"https:\/\/seawings.es\/","logo":{"@type":"ImageObject","inLanguage":"lt-LT","@id":"https:\/\/seawings.es\/#\/schema\/logo\/image\/","url":"https:\/\/seawings.es\/wp-content\/uploads\/Sea_wings_logo_darbinis_jpeg-scaled.jpg","contentUrl":"https:\/\/seawings.es\/wp-content\/uploads\/Sea_wings_logo_darbinis_jpeg-scaled.jpg","width":2560,"height":1770,"caption":"Seawings Real | Estate Property Management, Sales & Rentals in Spain"},"image":{"@id":"https:\/\/seawings.es\/#\/schema\/logo\/image\/"}}]}},"meta_box":{"hero_title":"GET THE BEST OF SPAIN WITH SEAWINGS","section_2_title":"UNLOCK YOUR SPANISH DREAM WITH SEAWINGS","wysiwyg_0gur3omh1dy":"<p class=\"brxe-heading no-content__title\"><strong>We want to be partners and consultants to customers looking for the dream experience. By offering short-term rental options we care to be a part of sharing economy.<\/strong><\/p>\n<div class=\"brxe-text no-content__text\">\n<p>We believe that every client looking for housing in Spain is different, but everyone appreciates honesty and ease of communication. Therefore, our priorities are careful selection of real estate objects, honest descriptions and dedication to each client.<\/p>\n<p>We are small but ambitious. Following our priorities, we plan to expand our activity area \u2013 to help find housing from M\u00e1laga to Barcelona and develop real estate construction projects. The willingness to be able to offer the best value to customers with all kinds of needs drive us to the future.<\/p>\n<\/div>\n","section_2_image":{"width":150,"height":150,"file":"main-1-2.png","filesize":1298930,"sizes":{"medium":{"file":"main-1-2-960x279.png","width":960,"height":279,"mime-type":"image\/png","filesize":287842,"url":"https:\/\/seawings.es\/wp-content\/uploads\/main-1-2-960x279.png"},"thumbnail":{"file":"main-1-2-150x150.png","width":150,"height":150,"mime-type":"image\/png","filesize":32257,"url":"https:\/\/seawings.es\/wp-content\/uploads\/main-1-2-150x150.png"},"medium_large":{"file":"main-1-2-768x223.png","width":768,"height":223,"mime-type":"image\/png","filesize":192951,"url":"https:\/\/seawings.es\/wp-content\/uploads\/main-1-2-768x223.png"},"1536x1536":{"file":"main-1-2-1536x446.png","width":1536,"height":446,"mime-type":"image\/png","filesize":686866,"url":"https:\/\/seawings.es\/wp-content\/uploads\/main-1-2-1536x446.png"}},"image_meta":{"aperture":"0","credit":"","camera":"","caption":"","created_timestamp":"0","copyright":"","focal_length":"0","iso":"0","shutter_speed":"0","title":"","orientation":"0","keywords":[]},"ID":"64","name":"main-1-2.png","path":"\/home\/u444898506\/domains\/seawings.es\/public_html\/wp-content\/uploads\/main-1-2.png","url":"https:\/\/seawings.es\/wp-content\/uploads\/main-1-2-150x150.png","full_url":"https:\/\/seawings.es\/wp-content\/uploads\/main-1-2.png","title":"main 1 (2)","caption":"","description":"","alt":"","srcset":false},"subheading":"","image_advanced_7z66k0cibs":[],"group_cts6zyac6hf":[]},"_links":{"self":[{"href":"https:\/\/seawings.es\/lt\/wp-json\/wp\/v2\/pages\/16","targetHints":{"allow":["GET"]}}],"collection":[{"href":"https:\/\/seawings.es\/lt\/wp-json\/wp\/v2\/pages"}],"about":[{"href":"https:\/\/seawings.es\/lt\/wp-json\/wp\/v2\/types\/page"}],"author":[{"embeddable":true,"href":"https:\/\/seawings.es\/lt\/wp-json\/wp\/v2\/users\/1"}],"replies":[{"embeddable":true,"href":"https:\/\/seawings.es\/lt\/wp-json\/wp\/v2\/comments?post=16"}],"version-history":[{"count":3,"href":"https:\/\/seawings.es\/lt\/wp-json\/wp\/v2\/pages\/16\/revisions"}],"predecessor-version":[{"id":3323,"href":"https:\/\/seawings.es\/lt\/wp-json\/wp\/v2\/pages\/16\/revisions\/3323"}],"wp:attachment":[{"href":"https:\/\/seawings.es\/lt\/wp-json\/wp\/v2\/media?parent=16"}],"curies":[{"name":"wp","href":"https:\/\/api.w.org\/{rel}","templated":true}]}}