{"id":34,"date":"2023-09-02T12:57:58","date_gmt":"2023-09-02T09:57:58","guid":{"rendered":"http:\/\/seawings.es\/?page_id=34"},"modified":"2024-04-16T09:09:30","modified_gmt":"2024-04-16T06:09:30","slug":"houses-for-sale","status":"publish","type":"page","link":"https:\/\/seawings.es\/lt\/parduodama\/","title":{"rendered":"Parduodami objektai"},"content":{"rendered":"<p>Tikime, kad kiekvienas b\u016bsto Ispanijoje ie\u0161kantis klientas yra skirtingas, ta\u010diau visi vertina s\u0105\u017einingum\u0105 ir paprast\u0105 bendravim\u0105. Tod\u0117l m\u016bs\u0173 prioritetai - kruop\u0161ti nekilnojamojo turto objekt\u0173 atranka, s\u0105\u017einingi apra\u0161ymai ir atsidavimas kiekvienam klientui.<\/p>\n<p>Esame ma\u017ei, bet ambicingi. Vadovaudamiesi savo prioritetais, planuojame pl\u0117sti savo veiklos srit\u012f - pad\u0117ti surasti b\u016bst\u0105 nuo Malagos iki Barselonos ir pl\u0117toti nekilnojamojo turto statybos projektus. \u012e ateit\u012f mus veda noras sugeb\u0117ti pasi\u016blyti geriausi\u0105 vert\u0119 \u012fvairiausi\u0173 poreiki\u0173 turintiems klientams.<\/p>","protected":false},"excerpt":{"rendered":"<p>We believe that every client looking for housing in Spain is different, but everyone appreciates honesty and ease of communication. Therefore, our priorities are careful selection of real estate objects, honest descriptions and dedication to each client. We are small but ambitious. Following our priorities, we plan to expand our activity area &#8211; to help [&hellip;]<\/p>\n","protected":false},"author":1,"featured_media":136,"parent":0,"menu_order":0,"comment_status":"closed","ping_status":"closed","template":"","meta":{"footnotes":""},"class_list":["post-34","page","type-page","status-publish","has-post-thumbnail","hentry"],"yoast_head":"<!-- This site is optimized with the Yoast SEO plugin v27.3 - https:\/\/yoast.com\/product\/yoast-seo-wordpress\/ -->\n<title>For sale | Seawings<\/title>\n<meta name=\"robots\" content=\"index, follow, max-snippet:-1, max-image-preview:large, max-video-preview:-1\" \/>\n<link rel=\"canonical\" href=\"https:\/\/seawings.es\/lt\/parduodama\/\" \/>\n<meta property=\"og:locale\" content=\"lt_LT\" \/>\n<meta property=\"og:type\" content=\"article\" \/>\n<meta property=\"og:title\" content=\"For sale | Seawings\" \/>\n<meta property=\"og:description\" content=\"We believe that every client looking for housing in Spain is different, but everyone appreciates honesty and ease of communication. Therefore, our priorities are careful selection of real estate objects, honest descriptions and dedication to each client. We are small but ambitious. Following our priorities, we plan to expand our activity area &#8211; to help [&hellip;]\" \/>\n<meta property=\"og:url\" content=\"https:\/\/seawings.es\/lt\/parduodama\/\" \/>\n<meta property=\"og:site_name\" content=\"Seawings\" \/>\n<meta property=\"article:modified_time\" content=\"2024-04-16T06:09:30+00:00\" \/>\n<meta property=\"og:image\" content=\"https:\/\/seawings.es\/wp-content\/uploads\/main-1-9.png\" \/>\n\t<meta property=\"og:image:width\" content=\"1920\" \/>\n\t<meta property=\"og:image:height\" content=\"878\" \/>\n\t<meta property=\"og:image:type\" content=\"image\/png\" \/>\n<meta name=\"twitter:card\" content=\"summary_large_image\" \/>\n<script type=\"application\/ld+json\" class=\"yoast-schema-graph\">{\"@context\":\"https:\\\/\\\/schema.org\",\"@graph\":[{\"@type\":\"WebPage\",\"@id\":\"https:\\\/\\\/seawings.es\\\/houses-for-sale\\\/\",\"url\":\"https:\\\/\\\/seawings.es\\\/houses-for-sale\\\/\",\"name\":\"For sale | Seawings\",\"isPartOf\":{\"@id\":\"https:\\\/\\\/seawings.es\\\/#website\"},\"primaryImageOfPage\":{\"@id\":\"https:\\\/\\\/seawings.es\\\/houses-for-sale\\\/#primaryimage\"},\"image\":{\"@id\":\"https:\\\/\\\/seawings.es\\\/houses-for-sale\\\/#primaryimage\"},\"thumbnailUrl\":\"https:\\\/\\\/seawings.es\\\/wp-content\\\/uploads\\\/main-1-9.png\",\"datePublished\":\"2023-09-02T09:57:58+00:00\",\"dateModified\":\"2024-04-16T06:09:30+00:00\",\"breadcrumb\":{\"@id\":\"https:\\\/\\\/seawings.es\\\/houses-for-sale\\\/#breadcrumb\"},\"inLanguage\":\"lt-LT\",\"potentialAction\":[{\"@type\":\"ReadAction\",\"target\":[\"https:\\\/\\\/seawings.es\\\/houses-for-sale\\\/\"]}]},{\"@type\":\"ImageObject\",\"inLanguage\":\"lt-LT\",\"@id\":\"https:\\\/\\\/seawings.es\\\/houses-for-sale\\\/#primaryimage\",\"url\":\"https:\\\/\\\/seawings.es\\\/wp-content\\\/uploads\\\/main-1-9.png\",\"contentUrl\":\"https:\\\/\\\/seawings.es\\\/wp-content\\\/uploads\\\/main-1-9.png\",\"width\":1920,\"height\":878},{\"@type\":\"BreadcrumbList\",\"@id\":\"https:\\\/\\\/seawings.es\\\/houses-for-sale\\\/#breadcrumb\",\"itemListElement\":[{\"@type\":\"ListItem\",\"position\":1,\"name\":\"Home\",\"item\":\"https:\\\/\\\/seawings.es\\\/\"},{\"@type\":\"ListItem\",\"position\":2,\"name\":\"For sale\"}]},{\"@type\":\"WebSite\",\"@id\":\"https:\\\/\\\/seawings.es\\\/#website\",\"url\":\"https:\\\/\\\/seawings.es\\\/\",\"name\":\"Seawings Real | Estate Property Management, Sales & Rentals in Spain\",\"description\":\"Your Gateway to Premier Properties in Spain \u2013 Buy, Rent, Manage with Confidence.\",\"publisher\":{\"@id\":\"https:\\\/\\\/seawings.es\\\/#organization\"},\"potentialAction\":[{\"@type\":\"SearchAction\",\"target\":{\"@type\":\"EntryPoint\",\"urlTemplate\":\"https:\\\/\\\/seawings.es\\\/?s={search_term_string}\"},\"query-input\":{\"@type\":\"PropertyValueSpecification\",\"valueRequired\":true,\"valueName\":\"search_term_string\"}}],\"inLanguage\":\"lt-LT\"},{\"@type\":\"Organization\",\"@id\":\"https:\\\/\\\/seawings.es\\\/#organization\",\"name\":\"Seawings Real | Estate Property Management, Sales & Rentals in Spain\",\"url\":\"https:\\\/\\\/seawings.es\\\/\",\"logo\":{\"@type\":\"ImageObject\",\"inLanguage\":\"lt-LT\",\"@id\":\"https:\\\/\\\/seawings.es\\\/#\\\/schema\\\/logo\\\/image\\\/\",\"url\":\"https:\\\/\\\/seawings.es\\\/wp-content\\\/uploads\\\/Sea_wings_logo_darbinis_jpeg-scaled.jpg\",\"contentUrl\":\"https:\\\/\\\/seawings.es\\\/wp-content\\\/uploads\\\/Sea_wings_logo_darbinis_jpeg-scaled.jpg\",\"width\":2560,\"height\":1770,\"caption\":\"Seawings Real | Estate Property Management, Sales & Rentals in Spain\"},\"image\":{\"@id\":\"https:\\\/\\\/seawings.es\\\/#\\\/schema\\\/logo\\\/image\\\/\"}}]}<\/script>\n<!-- \/ Yoast SEO plugin. -->","yoast_head_json":{"title":"Parduodama | Seawings","robots":{"index":"index","follow":"follow","max-snippet":"max-snippet:-1","max-image-preview":"max-image-preview:large","max-video-preview":"max-video-preview:-1"},"canonical":"https:\/\/seawings.es\/lt\/parduodama\/","og_locale":"lt_LT","og_type":"article","og_title":"For sale | Seawings","og_description":"We believe that every client looking for housing in Spain is different, but everyone appreciates honesty and ease of communication. Therefore, our priorities are careful selection of real estate objects, honest descriptions and dedication to each client. We are small but ambitious. Following our priorities, we plan to expand our activity area &#8211; to help [&hellip;]","og_url":"https:\/\/seawings.es\/lt\/parduodama\/","og_site_name":"Seawings","article_modified_time":"2024-04-16T06:09:30+00:00","og_image":[{"url":"https:\/\/seawings.es\/wp-content\/uploads\/main-1-9.png","width":1920,"height":878,"type":"image\/png"}],"twitter_card":"summary_large_image","schema":{"@context":"https:\/\/schema.org","@graph":[{"@type":"WebPage","@id":"https:\/\/seawings.es\/houses-for-sale\/","url":"https:\/\/seawings.es\/houses-for-sale\/","name":"Parduodama | Seawings","isPartOf":{"@id":"https:\/\/seawings.es\/#website"},"primaryImageOfPage":{"@id":"https:\/\/seawings.es\/houses-for-sale\/#primaryimage"},"image":{"@id":"https:\/\/seawings.es\/houses-for-sale\/#primaryimage"},"thumbnailUrl":"https:\/\/seawings.es\/wp-content\/uploads\/main-1-9.png","datePublished":"2023-09-02T09:57:58+00:00","dateModified":"2024-04-16T06:09:30+00:00","breadcrumb":{"@id":"https:\/\/seawings.es\/houses-for-sale\/#breadcrumb"},"inLanguage":"lt-LT","potentialAction":[{"@type":"ReadAction","target":["https:\/\/seawings.es\/houses-for-sale\/"]}]},{"@type":"ImageObject","inLanguage":"lt-LT","@id":"https:\/\/seawings.es\/houses-for-sale\/#primaryimage","url":"https:\/\/seawings.es\/wp-content\/uploads\/main-1-9.png","contentUrl":"https:\/\/seawings.es\/wp-content\/uploads\/main-1-9.png","width":1920,"height":878},{"@type":"BreadcrumbList","@id":"https:\/\/seawings.es\/houses-for-sale\/#breadcrumb","itemListElement":[{"@type":"ListItem","position":1,"name":"Home","item":"https:\/\/seawings.es\/"},{"@type":"ListItem","position":2,"name":"For sale"}]},{"@type":"WebSite","@id":"https:\/\/seawings.es\/#website","url":"https:\/\/seawings.es\/","name":"Seawings Real | Nekilnojamasis turtas Nekilnojamojo turto valdymas, pardavimas ir nuoma Ispanijoje","description":"J\u016bs\u0173 vartai \u012f auk\u0161\u010diausios klas\u0117s nekilnojam\u0105j\u012f turt\u0105 Ispanijoje - dr\u0105siai pirkite, nuomokite ir valdykite.","publisher":{"@id":"https:\/\/seawings.es\/#organization"},"potentialAction":[{"@type":"SearchAction","target":{"@type":"EntryPoint","urlTemplate":"https:\/\/seawings.es\/?s={search_term_string}"},"query-input":{"@type":"PropertyValueSpecification","valueRequired":true,"valueName":"search_term_string"}}],"inLanguage":"lt-LT"},{"@type":"Organization","@id":"https:\/\/seawings.es\/#organization","name":"Seawings Real | Nekilnojamasis turtas Nekilnojamojo turto valdymas, pardavimas ir nuoma Ispanijoje","url":"https:\/\/seawings.es\/","logo":{"@type":"ImageObject","inLanguage":"lt-LT","@id":"https:\/\/seawings.es\/#\/schema\/logo\/image\/","url":"https:\/\/seawings.es\/wp-content\/uploads\/Sea_wings_logo_darbinis_jpeg-scaled.jpg","contentUrl":"https:\/\/seawings.es\/wp-content\/uploads\/Sea_wings_logo_darbinis_jpeg-scaled.jpg","width":2560,"height":1770,"caption":"Seawings Real | Estate Property Management, Sales & Rentals in Spain"},"image":{"@id":"https:\/\/seawings.es\/#\/schema\/logo\/image\/"}}]}},"meta_box":{"hero_title":"","section_2_title":"","wysiwyg_0gur3omh1dy":"","section_2_image":false,"subheading":"Find a property for sale","image_advanced_7z66k0cibs":[],"group_cts6zyac6hf":[]},"_links":{"self":[{"href":"https:\/\/seawings.es\/lt\/wp-json\/wp\/v2\/pages\/34","targetHints":{"allow":["GET"]}}],"collection":[{"href":"https:\/\/seawings.es\/lt\/wp-json\/wp\/v2\/pages"}],"about":[{"href":"https:\/\/seawings.es\/lt\/wp-json\/wp\/v2\/types\/page"}],"author":[{"embeddable":true,"href":"https:\/\/seawings.es\/lt\/wp-json\/wp\/v2\/users\/1"}],"replies":[{"embeddable":true,"href":"https:\/\/seawings.es\/lt\/wp-json\/wp\/v2\/comments?post=34"}],"version-history":[{"count":19,"href":"https:\/\/seawings.es\/lt\/wp-json\/wp\/v2\/pages\/34\/revisions"}],"predecessor-version":[{"id":4747,"href":"https:\/\/seawings.es\/lt\/wp-json\/wp\/v2\/pages\/34\/revisions\/4747"}],"wp:featuredmedia":[{"embeddable":true,"href":"https:\/\/seawings.es\/lt\/wp-json\/wp\/v2\/media\/136"}],"wp:attachment":[{"href":"https:\/\/seawings.es\/lt\/wp-json\/wp\/v2\/media?parent=34"}],"curies":[{"name":"wp","href":"https:\/\/api.w.org\/{rel}","templated":true}]}}