{"id":36,"date":"2023-09-02T12:58:03","date_gmt":"2023-09-02T09:58:03","guid":{"rendered":"http:\/\/seawings.es\/?page_id=36"},"modified":"2024-04-16T09:12:10","modified_gmt":"2024-04-16T06:12:10","slug":"houses-for-rent","status":"publish","type":"page","link":"https:\/\/seawings.es\/pl\/domy-do-wynajecia\/","title":{"rendered":"Wynajem"},"content":{"rendered":"<p>Wierzymy, \u017ce ka\u017cdy klient szukaj\u0105cy mieszkania w Hiszpanii jest inny, ale ka\u017cdy ceni sobie uczciwo\u015b\u0107 i \u0142atwo\u015b\u0107 komunikacji. Dlatego naszymi priorytetami s\u0105 staranny dob\u00f3r obiekt\u00f3w nieruchomo\u015bci, uczciwe opisy i oddanie ka\u017cdemu klientowi.<\/p>\n<p>Jeste\u015bmy mali, ale ambitni. Kieruj\u0105c si\u0119 naszymi priorytetami, planujemy poszerzy\u0107 obszar naszej dzia\u0142alno\u015bci \u2013 pomoc w znalezieniu mieszka\u0144 od Malagi po Barcelon\u0119 oraz rozw\u00f3j projekt\u00f3w z zakresu budownictwa nieruchomo\u015bciowego. Ch\u0119\u0107 oferowania najlepszej warto\u015bci klientom o wszelkiego rodzaju potrzebach pcha nas ku przysz\u0142o\u015bci.<\/p>","protected":false},"excerpt":{"rendered":"<p>We believe that every client looking for housing in Spain is different, but everyone appreciates honesty and ease of communication. Therefore, our priorities are careful selection of real estate objects, honest descriptions and dedication to each client. We are small but ambitious. Following our priorities, we plan to expand our activity area &#8211; to help [&hellip;]<\/p>\n","protected":false},"author":1,"featured_media":478,"parent":0,"menu_order":0,"comment_status":"closed","ping_status":"closed","template":"","meta":{"footnotes":""},"class_list":["post-36","page","type-page","status-publish","has-post-thumbnail","hentry"],"yoast_head":"<!-- This site is optimized with the Yoast SEO plugin v27.3 - https:\/\/yoast.com\/product\/yoast-seo-wordpress\/ -->\n<title>Rental | Seawings<\/title>\n<meta name=\"robots\" content=\"index, follow, max-snippet:-1, max-image-preview:large, max-video-preview:-1\" \/>\n<link rel=\"canonical\" href=\"https:\/\/seawings.es\/pl\/domy-do-wynajecia\/\" \/>\n<meta property=\"og:locale\" content=\"pl_PL\" \/>\n<meta property=\"og:type\" content=\"article\" \/>\n<meta property=\"og:title\" content=\"Rental | Seawings\" \/>\n<meta property=\"og:description\" content=\"We believe that every client looking for housing in Spain is different, but everyone appreciates honesty and ease of communication. Therefore, our priorities are careful selection of real estate objects, honest descriptions and dedication to each client. We are small but ambitious. Following our priorities, we plan to expand our activity area &#8211; to help [&hellip;]\" \/>\n<meta property=\"og:url\" content=\"https:\/\/seawings.es\/pl\/domy-do-wynajecia\/\" \/>\n<meta property=\"og:site_name\" content=\"Seawings\" \/>\n<meta property=\"article:modified_time\" content=\"2024-04-16T06:12:10+00:00\" \/>\n<meta property=\"og:image\" content=\"https:\/\/seawings.es\/wp-content\/uploads\/Subtract.png\" \/>\n\t<meta property=\"og:image:width\" content=\"1920\" \/>\n\t<meta property=\"og:image:height\" content=\"563\" \/>\n\t<meta property=\"og:image:type\" content=\"image\/png\" \/>\n<meta name=\"twitter:card\" content=\"summary_large_image\" \/>\n<script type=\"application\/ld+json\" class=\"yoast-schema-graph\">{\"@context\":\"https:\\\/\\\/schema.org\",\"@graph\":[{\"@type\":\"WebPage\",\"@id\":\"https:\\\/\\\/seawings.es\\\/houses-for-rent\\\/\",\"url\":\"https:\\\/\\\/seawings.es\\\/houses-for-rent\\\/\",\"name\":\"Rental | Seawings\",\"isPartOf\":{\"@id\":\"https:\\\/\\\/seawings.es\\\/#website\"},\"primaryImageOfPage\":{\"@id\":\"https:\\\/\\\/seawings.es\\\/houses-for-rent\\\/#primaryimage\"},\"image\":{\"@id\":\"https:\\\/\\\/seawings.es\\\/houses-for-rent\\\/#primaryimage\"},\"thumbnailUrl\":\"https:\\\/\\\/seawings.es\\\/wp-content\\\/uploads\\\/Subtract.png\",\"datePublished\":\"2023-09-02T09:58:03+00:00\",\"dateModified\":\"2024-04-16T06:12:10+00:00\",\"breadcrumb\":{\"@id\":\"https:\\\/\\\/seawings.es\\\/houses-for-rent\\\/#breadcrumb\"},\"inLanguage\":\"pl-PL\",\"potentialAction\":[{\"@type\":\"ReadAction\",\"target\":[\"https:\\\/\\\/seawings.es\\\/houses-for-rent\\\/\"]}]},{\"@type\":\"ImageObject\",\"inLanguage\":\"pl-PL\",\"@id\":\"https:\\\/\\\/seawings.es\\\/houses-for-rent\\\/#primaryimage\",\"url\":\"https:\\\/\\\/seawings.es\\\/wp-content\\\/uploads\\\/Subtract.png\",\"contentUrl\":\"https:\\\/\\\/seawings.es\\\/wp-content\\\/uploads\\\/Subtract.png\",\"width\":1920,\"height\":563},{\"@type\":\"BreadcrumbList\",\"@id\":\"https:\\\/\\\/seawings.es\\\/houses-for-rent\\\/#breadcrumb\",\"itemListElement\":[{\"@type\":\"ListItem\",\"position\":1,\"name\":\"Home\",\"item\":\"https:\\\/\\\/seawings.es\\\/\"},{\"@type\":\"ListItem\",\"position\":2,\"name\":\"Rental\"}]},{\"@type\":\"WebSite\",\"@id\":\"https:\\\/\\\/seawings.es\\\/#website\",\"url\":\"https:\\\/\\\/seawings.es\\\/\",\"name\":\"Seawings Real | Estate Property Management, Sales & Rentals in Spain\",\"description\":\"Your Gateway to Premier Properties in Spain \u2013 Buy, Rent, Manage with Confidence.\",\"publisher\":{\"@id\":\"https:\\\/\\\/seawings.es\\\/#organization\"},\"potentialAction\":[{\"@type\":\"SearchAction\",\"target\":{\"@type\":\"EntryPoint\",\"urlTemplate\":\"https:\\\/\\\/seawings.es\\\/?s={search_term_string}\"},\"query-input\":{\"@type\":\"PropertyValueSpecification\",\"valueRequired\":true,\"valueName\":\"search_term_string\"}}],\"inLanguage\":\"pl-PL\"},{\"@type\":\"Organization\",\"@id\":\"https:\\\/\\\/seawings.es\\\/#organization\",\"name\":\"Seawings Real | Estate Property Management, Sales & Rentals in Spain\",\"url\":\"https:\\\/\\\/seawings.es\\\/\",\"logo\":{\"@type\":\"ImageObject\",\"inLanguage\":\"pl-PL\",\"@id\":\"https:\\\/\\\/seawings.es\\\/#\\\/schema\\\/logo\\\/image\\\/\",\"url\":\"https:\\\/\\\/seawings.es\\\/wp-content\\\/uploads\\\/Sea_wings_logo_darbinis_jpeg-scaled.jpg\",\"contentUrl\":\"https:\\\/\\\/seawings.es\\\/wp-content\\\/uploads\\\/Sea_wings_logo_darbinis_jpeg-scaled.jpg\",\"width\":2560,\"height\":1770,\"caption\":\"Seawings Real | Estate Property Management, Sales & Rentals in Spain\"},\"image\":{\"@id\":\"https:\\\/\\\/seawings.es\\\/#\\\/schema\\\/logo\\\/image\\\/\"}}]}<\/script>\n<!-- \/ Yoast SEO plugin. -->","yoast_head_json":{"title":"Wynajem | Seawings","robots":{"index":"index","follow":"follow","max-snippet":"max-snippet:-1","max-image-preview":"max-image-preview:large","max-video-preview":"max-video-preview:-1"},"canonical":"https:\/\/seawings.es\/pl\/domy-do-wynajecia\/","og_locale":"pl_PL","og_type":"article","og_title":"Rental | Seawings","og_description":"We believe that every client looking for housing in Spain is different, but everyone appreciates honesty and ease of communication. Therefore, our priorities are careful selection of real estate objects, honest descriptions and dedication to each client. We are small but ambitious. Following our priorities, we plan to expand our activity area &#8211; to help [&hellip;]","og_url":"https:\/\/seawings.es\/pl\/domy-do-wynajecia\/","og_site_name":"Seawings","article_modified_time":"2024-04-16T06:12:10+00:00","og_image":[{"width":1920,"height":563,"url":"https:\/\/seawings.es\/wp-content\/uploads\/Subtract.png","type":"image\/png"}],"twitter_card":"summary_large_image","schema":{"@context":"https:\/\/schema.org","@graph":[{"@type":"WebPage","@id":"https:\/\/seawings.es\/houses-for-rent\/","url":"https:\/\/seawings.es\/houses-for-rent\/","name":"Wynajem | Seawings","isPartOf":{"@id":"https:\/\/seawings.es\/#website"},"primaryImageOfPage":{"@id":"https:\/\/seawings.es\/houses-for-rent\/#primaryimage"},"image":{"@id":"https:\/\/seawings.es\/houses-for-rent\/#primaryimage"},"thumbnailUrl":"https:\/\/seawings.es\/wp-content\/uploads\/Subtract.png","datePublished":"2023-09-02T09:58:03+00:00","dateModified":"2024-04-16T06:12:10+00:00","breadcrumb":{"@id":"https:\/\/seawings.es\/houses-for-rent\/#breadcrumb"},"inLanguage":"pl-PL","potentialAction":[{"@type":"ReadAction","target":["https:\/\/seawings.es\/houses-for-rent\/"]}]},{"@type":"ImageObject","inLanguage":"pl-PL","@id":"https:\/\/seawings.es\/houses-for-rent\/#primaryimage","url":"https:\/\/seawings.es\/wp-content\/uploads\/Subtract.png","contentUrl":"https:\/\/seawings.es\/wp-content\/uploads\/Subtract.png","width":1920,"height":563},{"@type":"BreadcrumbList","@id":"https:\/\/seawings.es\/houses-for-rent\/#breadcrumb","itemListElement":[{"@type":"ListItem","position":1,"name":"Home","item":"https:\/\/seawings.es\/"},{"@type":"ListItem","position":2,"name":"Rental"}]},{"@type":"WebSite","@id":"https:\/\/seawings.es\/#website","url":"https:\/\/seawings.es\/","name":"Seawings Real | Zarz\u0105dzanie nieruchomo\u015bciami, sprzeda\u017c i wynajem w Hiszpanii","description":"Twoja brama do najlepszych nieruchomo\u015bci w Hiszpanii - kupuj, wynajmuj, zarz\u0105dzaj bez obaw.","publisher":{"@id":"https:\/\/seawings.es\/#organization"},"potentialAction":[{"@type":"SearchAction","target":{"@type":"EntryPoint","urlTemplate":"https:\/\/seawings.es\/?s={search_term_string}"},"query-input":{"@type":"PropertyValueSpecification","valueRequired":true,"valueName":"search_term_string"}}],"inLanguage":"pl-PL"},{"@type":"Organization","@id":"https:\/\/seawings.es\/#organization","name":"Seawings Real | Zarz\u0105dzanie nieruchomo\u015bciami, sprzeda\u017c i wynajem w Hiszpanii","url":"https:\/\/seawings.es\/","logo":{"@type":"ImageObject","inLanguage":"pl-PL","@id":"https:\/\/seawings.es\/#\/schema\/logo\/image\/","url":"https:\/\/seawings.es\/wp-content\/uploads\/Sea_wings_logo_darbinis_jpeg-scaled.jpg","contentUrl":"https:\/\/seawings.es\/wp-content\/uploads\/Sea_wings_logo_darbinis_jpeg-scaled.jpg","width":2560,"height":1770,"caption":"Seawings Real | Estate Property Management, Sales & Rentals in Spain"},"image":{"@id":"https:\/\/seawings.es\/#\/schema\/logo\/image\/"}}]}},"meta_box":{"hero_title":"","section_2_title":"","wysiwyg_0gur3omh1dy":"","section_2_image":false,"subheading":"Find a property for rent","image_advanced_7z66k0cibs":[],"group_cts6zyac6hf":[]},"_links":{"self":[{"href":"https:\/\/seawings.es\/pl\/wp-json\/wp\/v2\/pages\/36","targetHints":{"allow":["GET"]}}],"collection":[{"href":"https:\/\/seawings.es\/pl\/wp-json\/wp\/v2\/pages"}],"about":[{"href":"https:\/\/seawings.es\/pl\/wp-json\/wp\/v2\/types\/page"}],"author":[{"embeddable":true,"href":"https:\/\/seawings.es\/pl\/wp-json\/wp\/v2\/users\/1"}],"replies":[{"embeddable":true,"href":"https:\/\/seawings.es\/pl\/wp-json\/wp\/v2\/comments?post=36"}],"version-history":[{"count":6,"href":"https:\/\/seawings.es\/pl\/wp-json\/wp\/v2\/pages\/36\/revisions"}],"predecessor-version":[{"id":4749,"href":"https:\/\/seawings.es\/pl\/wp-json\/wp\/v2\/pages\/36\/revisions\/4749"}],"wp:featuredmedia":[{"embeddable":true,"href":"https:\/\/seawings.es\/pl\/wp-json\/wp\/v2\/media\/478"}],"wp:attachment":[{"href":"https:\/\/seawings.es\/pl\/wp-json\/wp\/v2\/media?parent=36"}],"curies":[{"name":"wp","href":"https:\/\/api.w.org\/{rel}","templated":true}]}}